{"id":4154,"date":"2019-07-28T14:32:31","date_gmt":"2019-07-28T14:32:31","guid":{"rendered":"https:\/\/www.psicologiapalamos.com\/altas-capacidades-en-palamos\/"},"modified":"2019-07-28T14:32:31","modified_gmt":"2019-07-28T14:32:31","slug":"altas-capacidades-en-palamos","status":"publish","type":"page","link":"https:\/\/www.psicologiapalamos.com\/es\/altas-capacidades-en-palamos\/","title":{"rendered":"altas capacidades en palamos"},"content":{"rendered":"<p>CENTRO CEP OFRECE EXTRAESCOLAR:<\/p>\n<p><strong>LABORATORIO DE ALTAS CAPACIDADES INTELECTUALES<\/strong><\/p>\n<p>El objetivo de este extraescolar es ofrecer a los ni\u00f1os y ni\u00f1as un entorno de apoyo lleno de oportunidades que les permita desarrollar al m\u00e1ximo sus habilidades. Est\u00e1 dirigido a ni\u00f1os y ni\u00f1as que destacan intelectualmente, tanto en talentos m\u00e1s simples (talento creativo, l\u00f3gico, matem\u00e1tico, verbal, social o deportivo), como en talentos m\u00e1s complejas (acad\u00e9micos o art\u00edsticos). Por otra parte, tambi\u00e9n est\u00e1 dirigido a ni\u00f1os y ni\u00f1as con superdotaci\u00f3n y precocidad. Se realiza un agrupamiento heterog\u00e9neo de alumnos donde cada ni\u00f1o puede enriquecerse, no s\u00f3lo de la actividad realizada, sino tambi\u00e9n de los propios compa\u00f1eros.<\/p>\n","protected":false},"excerpt":{"rendered":"<p>CENTRO CEP OFRECE EXTRAESCOLAR: LABORATORIO DE ALTAS CAPACIDADES INTELECTUALES El objetivo de este extraescolar es ofrecer a los ni\u00f1os y ni\u00f1as un entorno de apoyo lleno de oportunidades que les permita desarrollar al m\u00e1ximo sus habilidades. Est\u00e1 dirigido a ni\u00f1os y ni\u00f1as que destacan intelectualmente, tanto en talentos m\u00e1s simples (talento creativo, l\u00f3gico, matem\u00e1tico, verbal, &hellip;<\/p>\n<p class=\"read-more\"> <a class=\"\" href=\"https:\/\/www.psicologiapalamos.com\/es\/altas-capacidades-en-palamos\/\"> <span class=\"screen-reader-text\">altas capacidades en palamos<\/span> Leer m\u00e1s &raquo;<\/a><\/p>\n","protected":false},"author":1,"featured_media":0,"parent":0,"menu_order":0,"comment_status":"closed","ping_status":"closed","template":"elementor_canvas","meta":{"site-sidebar-layout":"default","site-content-layout":"default","ast-site-content-layout":"","site-content-style":"default","site-sidebar-style":"default","ast-global-header-display":"","ast-banner-title-visibility":"","ast-main-header-display":"","ast-hfb-above-header-display":"","ast-hfb-below-header-display":"","ast-hfb-mobile-header-display":"","site-post-title":"","ast-breadcrumbs-content":"","ast-featured-img":"","footer-sml-layout":"","theme-transparent-header-meta":"default","adv-header-id-meta":"","stick-header-meta":"","header-above-stick-meta":"","header-main-stick-meta":"","header-below-stick-meta":"","astra-migrate-meta-layouts":"","ast-page-background-enabled":"default","ast-page-background-meta":{"desktop":{"background-color":"","background-image":"","background-repeat":"repeat","background-position":"center center","background-size":"auto","background-attachment":"scroll","background-type":"","background-media":"","overlay-type":"","overlay-color":"","overlay-gradient":""},"tablet":{"background-color":"","background-image":"","background-repeat":"repeat","background-position":"center center","background-size":"auto","background-attachment":"scroll","background-type":"","background-media":"","overlay-type":"","overlay-color":"","overlay-gradient":""},"mobile":{"background-color":"","background-image":"","background-repeat":"repeat","background-position":"center center","background-size":"auto","background-attachment":"scroll","background-type":"","background-media":"","overlay-type":"","overlay-color":"","overlay-gradient":""}},"ast-content-background-meta":{"desktop":{"background-color":"var(--ast-global-color-5)","background-image":"","background-repeat":"repeat","background-position":"center center","background-size":"auto","background-attachment":"scroll","background-type":"","background-media":"","overlay-type":"","overlay-color":"","overlay-gradient":""},"tablet":{"background-color":"var(--ast-global-color-5)","background-image":"","background-repeat":"repeat","background-position":"center center","background-size":"auto","background-attachment":"scroll","background-type":"","background-media":"","overlay-type":"","overlay-color":"","overlay-gradient":""},"mobile":{"background-color":"var(--ast-global-color-5)","background-image":"","background-repeat":"repeat","background-position":"center center","background-size":"auto","background-attachment":"scroll","background-type":"","background-media":"","overlay-type":"","overlay-color":"","overlay-gradient":""}},"footnotes":"","_joinchat":[]},"yoast_head":"<!-- This site is optimized with the Yoast SEO plugin v21.6 - https:\/\/yoast.com\/wordpress\/plugins\/seo\/ -->\n<title>altas capacidades en palamos - CEP Centre d&#039;Educaci\u00f3 i Psicologia<\/title>\n<meta name=\"robots\" content=\"index, follow, max-snippet:-1, max-image-preview:large, max-video-preview:-1\" \/>\n<link rel=\"canonical\" href=\"https:\/\/www.psicologiapalamos.com\/es\/altas-capacidades-en-palamos\/\" \/>\n<meta property=\"og:locale\" content=\"es_ES\" \/>\n<meta property=\"og:type\" content=\"article\" \/>\n<meta property=\"og:title\" content=\"altas capacidades en palamos - CEP Centre d&#039;Educaci\u00f3 i Psicologia\" \/>\n<meta property=\"og:description\" content=\"CENTRO CEP OFRECE EXTRAESCOLAR: LABORATORIO DE ALTAS CAPACIDADES INTELECTUALES El objetivo de este extraescolar es ofrecer a los ni\u00f1os y ni\u00f1as un entorno de apoyo lleno de oportunidades que les permita desarrollar al m\u00e1ximo sus habilidades. Est\u00e1 dirigido a ni\u00f1os y ni\u00f1as que destacan intelectualmente, tanto en talentos m\u00e1s simples (talento creativo, l\u00f3gico, matem\u00e1tico, verbal, &hellip; altas capacidades en palamos Leer m\u00e1s &raquo;\" \/>\n<meta property=\"og:url\" content=\"https:\/\/www.psicologiapalamos.com\/es\/altas-capacidades-en-palamos\/\" \/>\n<meta property=\"og:site_name\" content=\"CEP Centre d&#039;Educaci\u00f3 i Psicologia\" \/>\n<meta name=\"twitter:card\" content=\"summary_large_image\" \/>\n<meta name=\"twitter:label1\" content=\"Tiempo de lectura\" \/>\n\t<meta name=\"twitter:data1\" content=\"1 minuto\" \/>\n<script type=\"application\/ld+json\" class=\"yoast-schema-graph\">{\"@context\":\"https:\/\/schema.org\",\"@graph\":[{\"@type\":\"WebPage\",\"@id\":\"https:\/\/www.psicologiapalamos.com\/es\/altas-capacidades-en-palamos\/\",\"url\":\"https:\/\/www.psicologiapalamos.com\/es\/altas-capacidades-en-palamos\/\",\"name\":\"altas capacidades en palamos - CEP Centre d&#039;Educaci\u00f3 i Psicologia\",\"isPartOf\":{\"@id\":\"https:\/\/www.psicologiapalamos.com\/es\/#website\"},\"datePublished\":\"2019-07-28T14:32:31+00:00\",\"dateModified\":\"2019-07-28T14:32:31+00:00\",\"breadcrumb\":{\"@id\":\"https:\/\/www.psicologiapalamos.com\/es\/altas-capacidades-en-palamos\/#breadcrumb\"},\"inLanguage\":\"es\",\"potentialAction\":[{\"@type\":\"ReadAction\",\"target\":[\"https:\/\/www.psicologiapalamos.com\/es\/altas-capacidades-en-palamos\/\"]}]},{\"@type\":\"BreadcrumbList\",\"@id\":\"https:\/\/www.psicologiapalamos.com\/es\/altas-capacidades-en-palamos\/#breadcrumb\",\"itemListElement\":[{\"@type\":\"ListItem\",\"position\":1,\"name\":\"Inici\",\"item\":\"https:\/\/www.psicologiapalamos.com\/es\/\"},{\"@type\":\"ListItem\",\"position\":2,\"name\":\"altas capacidades en palamos\"}]},{\"@type\":\"WebSite\",\"@id\":\"https:\/\/www.psicologiapalamos.com\/es\/#website\",\"url\":\"https:\/\/www.psicologiapalamos.com\/es\/\",\"name\":\"CEP Centre d&#039;Educaci\u00f3 i Psicologia\",\"description\":\"Psicologo en palamos\",\"publisher\":{\"@id\":\"https:\/\/www.psicologiapalamos.com\/es\/#organization\"},\"potentialAction\":[{\"@type\":\"SearchAction\",\"target\":{\"@type\":\"EntryPoint\",\"urlTemplate\":\"https:\/\/www.psicologiapalamos.com\/es\/?s={search_term_string}\"},\"query-input\":\"required name=search_term_string\"}],\"inLanguage\":\"es\"},{\"@type\":\"Organization\",\"@id\":\"https:\/\/www.psicologiapalamos.com\/es\/#organization\",\"name\":\"Psicolog\u00eda Palam\u00f3s\",\"url\":\"https:\/\/www.psicologiapalamos.com\/es\/\",\"logo\":{\"@type\":\"ImageObject\",\"inLanguage\":\"es\",\"@id\":\"https:\/\/www.psicologiapalamos.com\/es\/#\/schema\/logo\/image\/\",\"url\":\"https:\/\/www.psicologiapalamos.com\/wp-content\/uploads\/2022\/03\/24294356_362901660841604_7243227516893875858_n.png\",\"contentUrl\":\"https:\/\/www.psicologiapalamos.com\/wp-content\/uploads\/2022\/03\/24294356_362901660841604_7243227516893875858_n.png\",\"width\":945,\"height\":945,\"caption\":\"Psicolog\u00eda Palam\u00f3s\"},\"image\":{\"@id\":\"https:\/\/www.psicologiapalamos.com\/es\/#\/schema\/logo\/image\/\"}}]}<\/script>\n<!-- \/ Yoast SEO plugin. -->","yoast_head_json":{"title":"altas capacidades en palamos - CEP Centre d&#039;Educaci\u00f3 i Psicologia","robots":{"index":"index","follow":"follow","max-snippet":"max-snippet:-1","max-image-preview":"max-image-preview:large","max-video-preview":"max-video-preview:-1"},"canonical":"https:\/\/www.psicologiapalamos.com\/es\/altas-capacidades-en-palamos\/","og_locale":"es_ES","og_type":"article","og_title":"altas capacidades en palamos - CEP Centre d&#039;Educaci\u00f3 i Psicologia","og_description":"CENTRO CEP OFRECE EXTRAESCOLAR: LABORATORIO DE ALTAS CAPACIDADES INTELECTUALES El objetivo de este extraescolar es ofrecer a los ni\u00f1os y ni\u00f1as un entorno de apoyo lleno de oportunidades que les permita desarrollar al m\u00e1ximo sus habilidades. Est\u00e1 dirigido a ni\u00f1os y ni\u00f1as que destacan intelectualmente, tanto en talentos m\u00e1s simples (talento creativo, l\u00f3gico, matem\u00e1tico, verbal, &hellip; altas capacidades en palamos Leer m\u00e1s &raquo;","og_url":"https:\/\/www.psicologiapalamos.com\/es\/altas-capacidades-en-palamos\/","og_site_name":"CEP Centre d&#039;Educaci\u00f3 i Psicologia","twitter_card":"summary_large_image","twitter_misc":{"Tiempo de lectura":"1 minuto"},"schema":{"@context":"https:\/\/schema.org","@graph":[{"@type":"WebPage","@id":"https:\/\/www.psicologiapalamos.com\/es\/altas-capacidades-en-palamos\/","url":"https:\/\/www.psicologiapalamos.com\/es\/altas-capacidades-en-palamos\/","name":"altas capacidades en palamos - CEP Centre d&#039;Educaci\u00f3 i Psicologia","isPartOf":{"@id":"https:\/\/www.psicologiapalamos.com\/es\/#website"},"datePublished":"2019-07-28T14:32:31+00:00","dateModified":"2019-07-28T14:32:31+00:00","breadcrumb":{"@id":"https:\/\/www.psicologiapalamos.com\/es\/altas-capacidades-en-palamos\/#breadcrumb"},"inLanguage":"es","potentialAction":[{"@type":"ReadAction","target":["https:\/\/www.psicologiapalamos.com\/es\/altas-capacidades-en-palamos\/"]}]},{"@type":"BreadcrumbList","@id":"https:\/\/www.psicologiapalamos.com\/es\/altas-capacidades-en-palamos\/#breadcrumb","itemListElement":[{"@type":"ListItem","position":1,"name":"Inici","item":"https:\/\/www.psicologiapalamos.com\/es\/"},{"@type":"ListItem","position":2,"name":"altas capacidades en palamos"}]},{"@type":"WebSite","@id":"https:\/\/www.psicologiapalamos.com\/es\/#website","url":"https:\/\/www.psicologiapalamos.com\/es\/","name":"CEP Centre d&#039;Educaci\u00f3 i Psicologia","description":"Psicologo en palamos","publisher":{"@id":"https:\/\/www.psicologiapalamos.com\/es\/#organization"},"potentialAction":[{"@type":"SearchAction","target":{"@type":"EntryPoint","urlTemplate":"https:\/\/www.psicologiapalamos.com\/es\/?s={search_term_string}"},"query-input":"required name=search_term_string"}],"inLanguage":"es"},{"@type":"Organization","@id":"https:\/\/www.psicologiapalamos.com\/es\/#organization","name":"Psicolog\u00eda Palam\u00f3s","url":"https:\/\/www.psicologiapalamos.com\/es\/","logo":{"@type":"ImageObject","inLanguage":"es","@id":"https:\/\/www.psicologiapalamos.com\/es\/#\/schema\/logo\/image\/","url":"https:\/\/www.psicologiapalamos.com\/wp-content\/uploads\/2022\/03\/24294356_362901660841604_7243227516893875858_n.png","contentUrl":"https:\/\/www.psicologiapalamos.com\/wp-content\/uploads\/2022\/03\/24294356_362901660841604_7243227516893875858_n.png","width":945,"height":945,"caption":"Psicolog\u00eda Palam\u00f3s"},"image":{"@id":"https:\/\/www.psicologiapalamos.com\/es\/#\/schema\/logo\/image\/"}}]}},"jetpack_sharing_enabled":true,"_links":{"self":[{"href":"https:\/\/www.psicologiapalamos.com\/es\/wp-json\/wp\/v2\/pages\/4154"}],"collection":[{"href":"https:\/\/www.psicologiapalamos.com\/es\/wp-json\/wp\/v2\/pages"}],"about":[{"href":"https:\/\/www.psicologiapalamos.com\/es\/wp-json\/wp\/v2\/types\/page"}],"author":[{"embeddable":true,"href":"https:\/\/www.psicologiapalamos.com\/es\/wp-json\/wp\/v2\/users\/1"}],"replies":[{"embeddable":true,"href":"https:\/\/www.psicologiapalamos.com\/es\/wp-json\/wp\/v2\/comments?post=4154"}],"version-history":[{"count":0,"href":"https:\/\/www.psicologiapalamos.com\/es\/wp-json\/wp\/v2\/pages\/4154\/revisions"}],"wp:attachment":[{"href":"https:\/\/www.psicologiapalamos.com\/es\/wp-json\/wp\/v2\/media?parent=4154"}],"curies":[{"name":"wp","href":"https:\/\/api.w.org\/{rel}","templated":true}]}}