{"id":4155,"date":"2020-07-26T08:15:02","date_gmt":"2020-07-26T06:15:02","guid":{"rendered":"https:\/\/www.psicologiapalamos.com\/altas-capacidades\/"},"modified":"2020-08-03T11:07:57","modified_gmt":"2020-08-03T11:07:57","slug":"altas-capacidades","status":"publish","type":"page","link":"https:\/\/www.psicologiapalamos.com\/es\/altas-capacidades\/","title":{"rendered":"Altas capacidades"},"content":{"rendered":"\t\t<div data-elementor-type=\"wp-page\" data-elementor-id=\"4155\" class=\"elementor elementor-4155 elementor-3205\">\n\t\t\t\t\t\t\t\t\t<section class=\"elementor-section elementor-top-section elementor-element elementor-element-5ccd0d7 elementor-section-full_width elementor-section-height-full elementor-section-items-stretch elementor-section-content-middle elementor-section-height-default\" data-id=\"5ccd0d7\" data-element_type=\"section\" data-settings=\"{&quot;background_background&quot;:&quot;classic&quot;}\">\n\t\t\t\t\t\t\t<div class=\"elementor-background-overlay\"><\/div>\n\t\t\t\t\t\t\t<div class=\"elementor-container elementor-column-gap-default\">\n\t\t\t\t\t<div class=\"elementor-column elementor-col-100 elementor-top-column elementor-element elementor-element-cca99f1\" data-id=\"cca99f1\" data-element_type=\"column\" data-settings=\"{&quot;background_background&quot;:&quot;classic&quot;}\">\n\t\t\t<div class=\"elementor-widget-wrap elementor-element-populated\">\n\t\t\t\t\t\t\t\t<div class=\"elementor-element elementor-element-567eff8 elementor-widget elementor-widget-heading\" data-id=\"567eff8\" data-element_type=\"widget\" data-widget_type=\"heading.default\">\n\t\t\t\t<div class=\"elementor-widget-container\">\n\t\t\t<h4 class=\"elementor-heading-title elementor-size-medium\">ALTAS CAPACIDADES INTELECTUALES<\/h4>\t\t<\/div>\n\t\t\t\t<\/div>\n\t\t\t\t<div class=\"elementor-element elementor-element-403fadb elementor-widget-divider--view-line elementor-widget elementor-widget-divider\" data-id=\"403fadb\" data-element_type=\"widget\" data-widget_type=\"divider.default\">\n\t\t\t\t<div class=\"elementor-widget-container\">\n\t\t\t\t\t<div class=\"elementor-divider\">\n\t\t\t<span class=\"elementor-divider-separator\">\n\t\t\t\t\t\t<\/span>\n\t\t<\/div>\n\t\t\t\t<\/div>\n\t\t\t\t<\/div>\n\t\t\t\t<div class=\"elementor-element elementor-element-bd678b5 elementor-widget elementor-widget-text-editor\" data-id=\"bd678b5\" data-element_type=\"widget\" data-widget_type=\"text-editor.default\">\n\t\t\t\t<div class=\"elementor-widget-container\">\n\t\t\t\t\t\t\t<p>Se estima que en Catalu\u00f1a hay alrededor de 10% de ni\u00f1os y ni\u00f1as con las ACI, en cambio, los casos detectados, no llegamos al 1%. Es por ello que en el centro Cep nos hemos especializado en esta \u00e1rea, para poder garantizar una atenci\u00f3n de calidad a una poblaci\u00f3n, que hoy en d\u00eda, est\u00e1 desatendida en su mayor\u00eda. Servicios que se ofrecen:<\/p>\n<ul>\n<li>EXTRAESCOLAR <a href=\"https:\/\/www.psicologiapalamos.com\/es\/altas-capacidades-en-palamos\/\">[+ info]<\/a><\/li>\n<li>SESIONES INDIVIDUALES O EN FAMILIA<\/li>\n<li>ASESORAMIENTO EN LAS ESCUELAS<\/li>\n<\/ul>\n\t\t\t\t\t\t<\/div>\n\t\t\t\t<\/div>\n\t\t\t\t\t<\/div>\n\t\t<\/div>\n\t\t\t\t\t\t\t<\/div>\n\t\t<\/section>\n\t\t\t\t\t\t\t<\/div>\n\t\t","protected":false},"excerpt":{"rendered":"<p>ALTAS CAPACIDADES INTELECTUALES Se estima que en Catalu\u00f1a hay alrededor de 10% de ni\u00f1os y ni\u00f1as con las ACI, en cambio, los casos detectados, no llegamos al 1%. Es por ello que en el centro Cep nos hemos especializado en esta \u00e1rea, para poder garantizar una atenci\u00f3n de calidad a una poblaci\u00f3n, que hoy en &hellip;<\/p>\n<p class=\"read-more\"> <a class=\"\" href=\"https:\/\/www.psicologiapalamos.com\/es\/altas-capacidades\/\"> <span class=\"screen-reader-text\">Altas capacidades<\/span> Leer m\u00e1s &raquo;<\/a><\/p>\n","protected":false},"author":1,"featured_media":0,"parent":0,"menu_order":0,"comment_status":"closed","ping_status":"closed","template":"","meta":{"site-sidebar-layout":"no-sidebar","site-content-layout":"page-builder","ast-site-content-layout":"","site-content-style":"default","site-sidebar-style":"default","ast-global-header-display":"","ast-banner-title-visibility":"","ast-main-header-display":"","ast-hfb-above-header-display":"","ast-hfb-below-header-display":"","ast-hfb-mobile-header-display":"","site-post-title":"disabled","ast-breadcrumbs-content":"","ast-featured-img":"disabled","footer-sml-layout":"","theme-transparent-header-meta":"default","adv-header-id-meta":"","stick-header-meta":"","header-above-stick-meta":"","header-main-stick-meta":"","header-below-stick-meta":"","astra-migrate-meta-layouts":"","ast-page-background-enabled":"default","ast-page-background-meta":{"desktop":{"background-color":"","background-image":"","background-repeat":"repeat","background-position":"center center","background-size":"auto","background-attachment":"scroll","background-type":"","background-media":"","overlay-type":"","overlay-color":"","overlay-gradient":""},"tablet":{"background-color":"","background-image":"","background-repeat":"repeat","background-position":"center center","background-size":"auto","background-attachment":"scroll","background-type":"","background-media":"","overlay-type":"","overlay-color":"","overlay-gradient":""},"mobile":{"background-color":"","background-image":"","background-repeat":"repeat","background-position":"center center","background-size":"auto","background-attachment":"scroll","background-type":"","background-media":"","overlay-type":"","overlay-color":"","overlay-gradient":""}},"ast-content-background-meta":{"desktop":{"background-color":"var(--ast-global-color-5)","background-image":"","background-repeat":"repeat","background-position":"center center","background-size":"auto","background-attachment":"scroll","background-type":"","background-media":"","overlay-type":"","overlay-color":"","overlay-gradient":""},"tablet":{"background-color":"var(--ast-global-color-5)","background-image":"","background-repeat":"repeat","background-position":"center center","background-size":"auto","background-attachment":"scroll","background-type":"","background-media":"","overlay-type":"","overlay-color":"","overlay-gradient":""},"mobile":{"background-color":"var(--ast-global-color-5)","background-image":"","background-repeat":"repeat","background-position":"center center","background-size":"auto","background-attachment":"scroll","background-type":"","background-media":"","overlay-type":"","overlay-color":"","overlay-gradient":""}},"footnotes":"","_joinchat":[]},"yoast_head":"<!-- This site is optimized with the Yoast SEO plugin v21.6 - https:\/\/yoast.com\/wordpress\/plugins\/seo\/ -->\n<title>Altas capacidades - CEP Centre d&#039;Educaci\u00f3 i Psicologia<\/title>\n<meta name=\"robots\" content=\"index, follow, max-snippet:-1, max-image-preview:large, max-video-preview:-1\" \/>\n<link rel=\"canonical\" href=\"https:\/\/www.psicologiapalamos.com\/es\/altas-capacidades\/\" \/>\n<meta property=\"og:locale\" content=\"es_ES\" \/>\n<meta property=\"og:type\" content=\"article\" \/>\n<meta property=\"og:title\" content=\"Altas capacidades - CEP Centre d&#039;Educaci\u00f3 i Psicologia\" \/>\n<meta property=\"og:description\" content=\"ALTAS CAPACIDADES INTELECTUALES Se estima que en Catalu\u00f1a hay alrededor de 10% de ni\u00f1os y ni\u00f1as con las ACI, en cambio, los casos detectados, no llegamos al 1%. Es por ello que en el centro Cep nos hemos especializado en esta \u00e1rea, para poder garantizar una atenci\u00f3n de calidad a una poblaci\u00f3n, que hoy en &hellip; Altas capacidades Leer m\u00e1s &raquo;\" \/>\n<meta property=\"og:url\" content=\"https:\/\/www.psicologiapalamos.com\/es\/altas-capacidades\/\" \/>\n<meta property=\"og:site_name\" content=\"CEP Centre d&#039;Educaci\u00f3 i Psicologia\" \/>\n<meta property=\"article:modified_time\" content=\"2020-08-03T11:07:57+00:00\" \/>\n<meta name=\"twitter:card\" content=\"summary_large_image\" \/>\n<script type=\"application\/ld+json\" class=\"yoast-schema-graph\">{\"@context\":\"https:\/\/schema.org\",\"@graph\":[{\"@type\":\"WebPage\",\"@id\":\"https:\/\/www.psicologiapalamos.com\/es\/altas-capacidades\/\",\"url\":\"https:\/\/www.psicologiapalamos.com\/es\/altas-capacidades\/\",\"name\":\"Altas capacidades - CEP Centre d&#039;Educaci\u00f3 i Psicologia\",\"isPartOf\":{\"@id\":\"https:\/\/www.psicologiapalamos.com\/es\/#website\"},\"datePublished\":\"2020-07-26T06:15:02+00:00\",\"dateModified\":\"2020-08-03T11:07:57+00:00\",\"breadcrumb\":{\"@id\":\"https:\/\/www.psicologiapalamos.com\/es\/altas-capacidades\/#breadcrumb\"},\"inLanguage\":\"es\",\"potentialAction\":[{\"@type\":\"ReadAction\",\"target\":[\"https:\/\/www.psicologiapalamos.com\/es\/altas-capacidades\/\"]}]},{\"@type\":\"BreadcrumbList\",\"@id\":\"https:\/\/www.psicologiapalamos.com\/es\/altas-capacidades\/#breadcrumb\",\"itemListElement\":[{\"@type\":\"ListItem\",\"position\":1,\"name\":\"Inici\",\"item\":\"https:\/\/www.psicologiapalamos.com\/es\/\"},{\"@type\":\"ListItem\",\"position\":2,\"name\":\"Altas capacidades\"}]},{\"@type\":\"WebSite\",\"@id\":\"https:\/\/www.psicologiapalamos.com\/es\/#website\",\"url\":\"https:\/\/www.psicologiapalamos.com\/es\/\",\"name\":\"CEP Centre d&#039;Educaci\u00f3 i Psicologia\",\"description\":\"Psicologo en palamos\",\"publisher\":{\"@id\":\"https:\/\/www.psicologiapalamos.com\/es\/#organization\"},\"potentialAction\":[{\"@type\":\"SearchAction\",\"target\":{\"@type\":\"EntryPoint\",\"urlTemplate\":\"https:\/\/www.psicologiapalamos.com\/es\/?s={search_term_string}\"},\"query-input\":\"required name=search_term_string\"}],\"inLanguage\":\"es\"},{\"@type\":\"Organization\",\"@id\":\"https:\/\/www.psicologiapalamos.com\/es\/#organization\",\"name\":\"Psicolog\u00eda Palam\u00f3s\",\"url\":\"https:\/\/www.psicologiapalamos.com\/es\/\",\"logo\":{\"@type\":\"ImageObject\",\"inLanguage\":\"es\",\"@id\":\"https:\/\/www.psicologiapalamos.com\/es\/#\/schema\/logo\/image\/\",\"url\":\"https:\/\/www.psicologiapalamos.com\/wp-content\/uploads\/2022\/03\/24294356_362901660841604_7243227516893875858_n.png\",\"contentUrl\":\"https:\/\/www.psicologiapalamos.com\/wp-content\/uploads\/2022\/03\/24294356_362901660841604_7243227516893875858_n.png\",\"width\":945,\"height\":945,\"caption\":\"Psicolog\u00eda Palam\u00f3s\"},\"image\":{\"@id\":\"https:\/\/www.psicologiapalamos.com\/es\/#\/schema\/logo\/image\/\"}}]}<\/script>\n<!-- \/ Yoast SEO plugin. -->","yoast_head_json":{"title":"Altas capacidades - CEP Centre d&#039;Educaci\u00f3 i Psicologia","robots":{"index":"index","follow":"follow","max-snippet":"max-snippet:-1","max-image-preview":"max-image-preview:large","max-video-preview":"max-video-preview:-1"},"canonical":"https:\/\/www.psicologiapalamos.com\/es\/altas-capacidades\/","og_locale":"es_ES","og_type":"article","og_title":"Altas capacidades - CEP Centre d&#039;Educaci\u00f3 i Psicologia","og_description":"ALTAS CAPACIDADES INTELECTUALES Se estima que en Catalu\u00f1a hay alrededor de 10% de ni\u00f1os y ni\u00f1as con las ACI, en cambio, los casos detectados, no llegamos al 1%. Es por ello que en el centro Cep nos hemos especializado en esta \u00e1rea, para poder garantizar una atenci\u00f3n de calidad a una poblaci\u00f3n, que hoy en &hellip; Altas capacidades Leer m\u00e1s &raquo;","og_url":"https:\/\/www.psicologiapalamos.com\/es\/altas-capacidades\/","og_site_name":"CEP Centre d&#039;Educaci\u00f3 i Psicologia","article_modified_time":"2020-08-03T11:07:57+00:00","twitter_card":"summary_large_image","schema":{"@context":"https:\/\/schema.org","@graph":[{"@type":"WebPage","@id":"https:\/\/www.psicologiapalamos.com\/es\/altas-capacidades\/","url":"https:\/\/www.psicologiapalamos.com\/es\/altas-capacidades\/","name":"Altas capacidades - CEP Centre d&#039;Educaci\u00f3 i Psicologia","isPartOf":{"@id":"https:\/\/www.psicologiapalamos.com\/es\/#website"},"datePublished":"2020-07-26T06:15:02+00:00","dateModified":"2020-08-03T11:07:57+00:00","breadcrumb":{"@id":"https:\/\/www.psicologiapalamos.com\/es\/altas-capacidades\/#breadcrumb"},"inLanguage":"es","potentialAction":[{"@type":"ReadAction","target":["https:\/\/www.psicologiapalamos.com\/es\/altas-capacidades\/"]}]},{"@type":"BreadcrumbList","@id":"https:\/\/www.psicologiapalamos.com\/es\/altas-capacidades\/#breadcrumb","itemListElement":[{"@type":"ListItem","position":1,"name":"Inici","item":"https:\/\/www.psicologiapalamos.com\/es\/"},{"@type":"ListItem","position":2,"name":"Altas capacidades"}]},{"@type":"WebSite","@id":"https:\/\/www.psicologiapalamos.com\/es\/#website","url":"https:\/\/www.psicologiapalamos.com\/es\/","name":"CEP Centre d&#039;Educaci\u00f3 i Psicologia","description":"Psicologo en palamos","publisher":{"@id":"https:\/\/www.psicologiapalamos.com\/es\/#organization"},"potentialAction":[{"@type":"SearchAction","target":{"@type":"EntryPoint","urlTemplate":"https:\/\/www.psicologiapalamos.com\/es\/?s={search_term_string}"},"query-input":"required name=search_term_string"}],"inLanguage":"es"},{"@type":"Organization","@id":"https:\/\/www.psicologiapalamos.com\/es\/#organization","name":"Psicolog\u00eda Palam\u00f3s","url":"https:\/\/www.psicologiapalamos.com\/es\/","logo":{"@type":"ImageObject","inLanguage":"es","@id":"https:\/\/www.psicologiapalamos.com\/es\/#\/schema\/logo\/image\/","url":"https:\/\/www.psicologiapalamos.com\/wp-content\/uploads\/2022\/03\/24294356_362901660841604_7243227516893875858_n.png","contentUrl":"https:\/\/www.psicologiapalamos.com\/wp-content\/uploads\/2022\/03\/24294356_362901660841604_7243227516893875858_n.png","width":945,"height":945,"caption":"Psicolog\u00eda Palam\u00f3s"},"image":{"@id":"https:\/\/www.psicologiapalamos.com\/es\/#\/schema\/logo\/image\/"}}]}},"jetpack_sharing_enabled":true,"_links":{"self":[{"href":"https:\/\/www.psicologiapalamos.com\/es\/wp-json\/wp\/v2\/pages\/4155"}],"collection":[{"href":"https:\/\/www.psicologiapalamos.com\/es\/wp-json\/wp\/v2\/pages"}],"about":[{"href":"https:\/\/www.psicologiapalamos.com\/es\/wp-json\/wp\/v2\/types\/page"}],"author":[{"embeddable":true,"href":"https:\/\/www.psicologiapalamos.com\/es\/wp-json\/wp\/v2\/users\/1"}],"replies":[{"embeddable":true,"href":"https:\/\/www.psicologiapalamos.com\/es\/wp-json\/wp\/v2\/comments?post=4155"}],"version-history":[{"count":0,"href":"https:\/\/www.psicologiapalamos.com\/es\/wp-json\/wp\/v2\/pages\/4155\/revisions"}],"wp:attachment":[{"href":"https:\/\/www.psicologiapalamos.com\/es\/wp-json\/wp\/v2\/media?parent=4155"}],"curies":[{"name":"wp","href":"https:\/\/api.w.org\/{rel}","templated":true}]}}